{"id":251,"date":"2025-12-20T19:22:13","date_gmt":"2025-12-20T22:22:13","guid":{"rendered":"https:\/\/desobediente.com.ar\/?post_type=product&#038;p=251"},"modified":"2026-01-15T08:49:34","modified_gmt":"2026-01-15T11:49:34","slug":"parte-de-un-todo-un-libro-desde-el-mar","status":"publish","type":"product","link":"https:\/\/desobediente.com.ar\/index.php\/producto\/parte-de-un-todo-un-libro-desde-el-mar\/","title":{"rendered":"Parte de un todo: un libro desde el mar"},"content":{"rendered":"<p>Este libro nace del mar y del cielo, y de la decisi\u00f3n de cambiar de rumbo. Contiene el relato de mi primera experiencia a bordo del Tupac Amaru, un velero de acero, fuerte y curtido, que me llev\u00f3 a iniciar una vida completamente nueva. Escribo desde los primeros seis meses viviendo en el barco, aunque el tiempo sigui\u00f3 corriendo, y yo no me baj\u00e9 m\u00e1s.<br \/>\nAqu\u00ed encontrar\u00e1s el relato del viaje: d\u00edas de navegaci\u00f3n, tormentas, descubrimientos, aprendizajes. Pero tambi\u00e9n hay poemas y reflexiones que surgieron en las horas quietas o en medio del caos salado. Y al final de cada cap\u00edtulo, comparto algunos conceptos de f\u00edsica y astronom\u00eda, explicados con un tono accesible, nacidos de la necesidad de comprender y de mi formaci\u00f3n como astr\u00f3noma.<br \/>\nEste libro es bit\u00e1cora, es cuaderno de pensamientos, es intento de tender un puente entre la experiencia y el conocimiento. Entre el mar y el cielo. Entre perderse y encontrarse.<\/p>\n","protected":false},"excerpt":{"rendered":"<p>Este libro nace del mar y del cielo, y de la decisi\u00f3n de cambiar de rumbo. Contiene el relato de mi primera experiencia a bordo del Tupac Amaru, un velero de acero, fuerte y curtido, que me llev\u00f3 a iniciar una vida completamente nueva. Escribo desde los primeros seis meses viviendo en el barco, aunque el tiempo sigui\u00f3 corriendo, y yo no me baj\u00e9 m\u00e1s.<br \/>\nAqu\u00ed encontrar\u00e1s el relato del viaje: d\u00edas de navegaci\u00f3n, tormentas, descubrimientos, aprendizajes. Pero tambi\u00e9n hay poemas y reflexiones que surgieron en las horas quietas o en medio del caos salado. Y al final de cada cap\u00edtulo, comparto algunos conceptos de f\u00edsica y astronom\u00eda, explicados con un tono accesible, nacidos de la necesidad de comprender y de mi formaci\u00f3n como astr\u00f3noma.<br \/>\nEste libro es bit\u00e1cora, es cuaderno de pensamientos, es intento de tender un puente entre la experiencia y el conocimiento. Entre el mar y el cielo. Entre perderse y encontrarse.<\/p>\n<p>&nbsp;<\/p>\n<p><span style=\"font-weight: 400;\">Manuela S\u00e1ez creci\u00f3 en Mar de las Pampas, Villa Gesell, cuando el paisaje a\u00fan conservaba su car\u00e1cter salvaje.<br \/>\n<\/span><span style=\"font-weight: 400;\">Se gradu\u00f3 con honores como licenciada en Astronom\u00eda en la Facultad de Ciencias Astron\u00f3micas y Geof\u00edsicas (UNLP) en 2014. Continu\u00f3 su formaci\u00f3n con un doctorado en Astronom\u00eda en la misma instituci\u00f3n, financiado por CONICET, y realiz\u00f3 estad\u00edas de investigaci\u00f3n en EE.UU. y\u00a0 Alemania. Obtuvo su doctorado en 2019 con una tesis centrada en las oscilaciones de neutrinos y su rol en la astrof\u00edsica nuclear.<\/span><span style=\"font-weight: 400;\"><br \/>\n<\/span><span style=\"font-weight: 400;\">Trabaj\u00f3 como investigadora postdoctoral en el Instituto RIKEN, Jap\u00f3n, y en la Universidad de California, Berkeley, donde continu\u00f3 su investigaci\u00f3n en la detecci\u00f3n de neutrinos provenientes de explosiones de supernovas.<br \/>\n<\/span><span style=\"font-weight: 400;\">Su vida dio un giro inesperado cuando decidi\u00f3 embarcarse en un velero y recorrer el mar, encontrando en la navegaci\u00f3n y la escritura nuevas formas de explorar el mundo y de contarlo.<\/span><span style=\"font-weight: 400;\"><br \/>\n<\/span><span style=\"font-weight: 400;\"><br \/>\n<\/span><span style=\"font-weight: 400;\">Segu\u00ed el viaje del velero Tupac Amaru en instagram @tupacamarusailing\u00a0<\/span><span style=\"font-weight: 400;\"><br \/>\n<\/span><\/p>\n<p>&nbsp;<\/p>\n","protected":false},"featured_media":252,"comment_status":"open","ping_status":"closed","template":"","meta":{"saved_in_kubio":false},"product_brand":[],"product_cat":[15],"product_tag":[],"class_list":{"0":"post-251","1":"product","2":"type-product","3":"status-publish","4":"has-post-thumbnail","6":"product_cat-sin-categorizar","8":"first","9":"outofstock","10":"shipping-taxable","11":"purchasable","12":"product-type-simple"},"_links":{"self":[{"href":"https:\/\/desobediente.com.ar\/index.php\/wp-json\/wp\/v2\/product\/251","targetHints":{"allow":["GET"]}}],"collection":[{"href":"https:\/\/desobediente.com.ar\/index.php\/wp-json\/wp\/v2\/product"}],"about":[{"href":"https:\/\/desobediente.com.ar\/index.php\/wp-json\/wp\/v2\/types\/product"}],"replies":[{"embeddable":true,"href":"https:\/\/desobediente.com.ar\/index.php\/wp-json\/wp\/v2\/comments?post=251"}],"wp:featuredmedia":[{"embeddable":true,"href":"https:\/\/desobediente.com.ar\/index.php\/wp-json\/wp\/v2\/media\/252"}],"wp:attachment":[{"href":"https:\/\/desobediente.com.ar\/index.php\/wp-json\/wp\/v2\/media?parent=251"}],"wp:term":[{"taxonomy":"product_brand","embeddable":true,"href":"https:\/\/desobediente.com.ar\/index.php\/wp-json\/wp\/v2\/product_brand?post=251"},{"taxonomy":"product_cat","embeddable":true,"href":"https:\/\/desobediente.com.ar\/index.php\/wp-json\/wp\/v2\/product_cat?post=251"},{"taxonomy":"product_tag","embeddable":true,"href":"https:\/\/desobediente.com.ar\/index.php\/wp-json\/wp\/v2\/product_tag?post=251"}],"curies":[{"name":"wp","href":"https:\/\/api.w.org\/{rel}","templated":true}]}}